
{"id":4717,"date":"2021-10-14T07:53:58","date_gmt":"2021-10-14T07:53:58","guid":{"rendered":"https:\/\/www.xecgandia.com\/quest-ce-que-la-xec\/"},"modified":"2021-10-14T08:04:35","modified_gmt":"2021-10-14T08:04:35","slug":"quest-ce-que-la-xec","status":"publish","type":"page","link":"https:\/\/www.xecgandia.com\/fr\/quest-ce-que-la-xec\/","title":{"rendered":"QU\u2019EST-CE QUE LA XEC"},"content":{"rendered":"\t\t<div data-elementor-type=\"wp-page\" data-elementor-id=\"4717\" class=\"elementor elementor-4717 elementor-1577\" data-elementor-settings=\"[]\">\n\t\t\t\t\t\t<div class=\"elementor-inner\">\n\t\t\t\t\t\t\t<div class=\"elementor-section-wrap\">\n\t\t\t\t\t\t\t<section class=\"elementor-section elementor-top-section elementor-element elementor-element-8bf9bd2 elementor-section-boxed elementor-section-height-default elementor-section-height-default\" data-id=\"8bf9bd2\" data-element_type=\"section\" data-settings=\"{&quot;background_background&quot;:&quot;classic&quot;}\">\n\t\t\t\t\t\t<div class=\"elementor-container elementor-column-gap-default\">\n\t\t\t\t\t\t\t<div class=\"elementor-row\">\n\t\t\t\t\t<div class=\"elementor-column elementor-col-100 elementor-top-column elementor-element elementor-element-6aca5a2\" data-id=\"6aca5a2\" data-element_type=\"column\">\n\t\t\t<div class=\"elementor-column-wrap\">\n\t\t\t\t\t\t\t<div class=\"elementor-widget-wrap\">\n\t\t\t\t\t\t\t\t<\/div>\n\t\t\t\t\t<\/div>\n\t\t<\/div>\n\t\t\t\t\t\t\t\t<\/div>\n\t\t\t\t\t<\/div>\n\t\t<\/section>\n\t\t\t\t<section class=\"elementor-section elementor-top-section elementor-element elementor-element-42f35f1 elementor-section-boxed elementor-section-height-default elementor-section-height-default\" data-id=\"42f35f1\" data-element_type=\"section\">\n\t\t\t\t\t\t<div class=\"elementor-container elementor-column-gap-default\">\n\t\t\t\t\t\t\t<div class=\"elementor-row\">\n\t\t\t\t\t<div class=\"elementor-column elementor-col-100 elementor-top-column elementor-element elementor-element-09a2f42\" data-id=\"09a2f42\" data-element_type=\"column\">\n\t\t\t<div class=\"elementor-column-wrap elementor-element-populated\">\n\t\t\t\t\t\t\t<div class=\"elementor-widget-wrap\">\n\t\t\t\t\t\t<div class=\"elementor-element elementor-element-fc9c236 elementor-widget elementor-widget-heading\" data-id=\"fc9c236\" data-element_type=\"widget\" data-widget_type=\"heading.default\">\n\t\t\t\t<div class=\"elementor-widget-container\">\n\t\t\t<h2 class=\"elementor-heading-title elementor-size-medium\">XEC GANDIA<\/h2>\t\t<\/div>\n\t\t\t\t<\/div>\n\t\t\t\t<div class=\"elementor-element elementor-element-e7bc0c2 elementor-widget elementor-widget-heading\" data-id=\"e7bc0c2\" data-element_type=\"widget\" data-widget_type=\"heading.default\">\n\t\t\t\t<div class=\"elementor-widget-container\">\n\t\t\t<h1 class=\"elementor-heading-title elementor-size-large\">UNE AUTRE FA\u00c7ON DE D\u00c9COUVRIR GANDIA<\/h1>\t\t<\/div>\n\t\t\t\t<\/div>\n\t\t\t\t\t\t<\/div>\n\t\t\t\t\t<\/div>\n\t\t<\/div>\n\t\t\t\t\t\t\t\t<\/div>\n\t\t\t\t\t<\/div>\n\t\t<\/section>\n\t\t\t\t<section class=\"elementor-section elementor-top-section elementor-element elementor-element-d1978bd elementor-section-boxed elementor-section-height-default elementor-section-height-default\" data-id=\"d1978bd\" data-element_type=\"section\">\n\t\t\t\t\t\t<div class=\"elementor-container elementor-column-gap-default\">\n\t\t\t\t\t\t\t<div class=\"elementor-row\">\n\t\t\t\t\t<div class=\"elementor-column elementor-col-50 elementor-top-column elementor-element elementor-element-b857916\" data-id=\"b857916\" data-element_type=\"column\">\n\t\t\t<div class=\"elementor-column-wrap elementor-element-populated\">\n\t\t\t\t\t\t\t<div class=\"elementor-widget-wrap\">\n\t\t\t\t\t\t<div class=\"elementor-element elementor-element-5666867 elementor-widget elementor-widget-text-editor\" data-id=\"5666867\" data-element_type=\"widget\" data-widget_type=\"text-editor.default\">\n\t\t\t\t<div class=\"elementor-widget-container\">\n\t\t\t\t\t<div class=\"elementor-text-editor elementor-clearfix\"><p style=\"text-align: justify;\">Gr\u00e2ce \u00e0 <strong>l\u2019histoire, la culture, la nature, les arts du spectacle et \u00e0 ses traditions<\/strong>, Gandia offre \u00e0 ses visiteurs diff\u00e9rents espaces parfaits pour se faire plaisir et d\u00e9couvrir notre ville d\u2019une mani\u00e8re diff\u00e9rente. Et chaque semaine, ce sont plusieurs activit\u00e9s qui sont propos\u00e9es dans chacun de ces sites, ou tous, des plus petits aux plus grands pourront vivre des exp\u00e9riences inoubliables.<\/p>\n<p style=\"text-align: justify;\">La <strong>XEC<\/strong> est un r\u00e9seau <strong>d\u2019institutions culturelles, naturelles et touristiques<\/strong> qui aspirent \u00e0 faire conna\u00eetre Gandia de fa\u00e7on singuli\u00e8re, diverse et unique.<\/p>\n<p style=\"text-align: justify;\">Le <strong>Palais ducal de Gandie<\/strong>, le <strong>Mus\u00e9e arch\u00e9ologique de Gandie<\/strong>, le <strong>Museu Faller<\/strong>, le <strong>Teatre del Raval<\/strong>, la <strong>Cova del Parpall\u00f3<\/strong>, le <strong>Parc Arqueol\u00f2gic del Castell de Bair\u00e9n<\/strong> et le <strong>Morabit de Marxuquera<\/strong>, sont actuellement les espaces qui composent la XEC Gandia et garantissent loisirs et divertissement pour toute la famille.<\/p>\n<\/div>\n\t\t\t\t<\/div>\n\t\t\t\t<\/div>\n\t\t\t\t\t\t<\/div>\n\t\t\t\t\t<\/div>\n\t\t<\/div>\n\t\t\t\t<div class=\"elementor-column elementor-col-50 elementor-top-column elementor-element elementor-element-59f9d56\" data-id=\"59f9d56\" data-element_type=\"column\">\n\t\t\t<div class=\"elementor-column-wrap elementor-element-populated\">\n\t\t\t\t\t\t\t<div class=\"elementor-widget-wrap\">\n\t\t\t\t\t\t<div class=\"elementor-element elementor-element-a7c8815 elementor-arrows-position-inside elementor-pagination-position-outside elementor-widget elementor-widget-image-carousel\" data-id=\"a7c8815\" data-element_type=\"widget\" data-settings=\"{&quot;slides_to_show&quot;:&quot;1&quot;,&quot;navigation&quot;:&quot;both&quot;,&quot;autoplay&quot;:&quot;yes&quot;,&quot;pause_on_hover&quot;:&quot;yes&quot;,&quot;pause_on_interaction&quot;:&quot;yes&quot;,&quot;autoplay_speed&quot;:5000,&quot;infinite&quot;:&quot;yes&quot;,&quot;effect&quot;:&quot;slide&quot;,&quot;speed&quot;:500}\" data-widget_type=\"image-carousel.default\">\n\t\t\t\t<div class=\"elementor-widget-container\">\n\t\t\t\t\t<div class=\"elementor-image-carousel-wrapper swiper-container\" dir=\"ltr\">\n\t\t\t<div class=\"elementor-image-carousel swiper-wrapper\">\n\t\t\t\t<div class=\"swiper-slide\"><a data-elementor-open-lightbox=\"yes\" data-elementor-lightbox-slideshow=\"a7c8815\" data-elementor-lightbox-title=\"Palau-ducal-dels-borja-5\" href=\"https:\/\/www.xecgandia.com\/wp-content\/uploads\/2021\/01\/Palau-ducal-dels-borja-5-1.jpg\"><figure class=\"swiper-slide-inner\"><img decoding=\"async\" class=\"swiper-slide-image\" src=\"https:\/\/www.xecgandia.com\/wp-content\/uploads\/elementor\/thumbs\/Palau-ducal-dels-borja-5-1-p25512s0moc0w85vmnqef0uw6k9clj7uelyoclk9fc.jpg\" alt=\"Palau-ducal-dels-borja-5\" \/><\/figure><\/a><\/div><div class=\"swiper-slide\"><a data-elementor-open-lightbox=\"yes\" data-elementor-lightbox-slideshow=\"a7c8815\" data-elementor-lightbox-title=\"Morabit-002\" href=\"https:\/\/www.xecgandia.com\/wp-content\/uploads\/2021\/01\/Morabit-002.jpg\"><figure class=\"swiper-slide-inner\"><img decoding=\"async\" class=\"swiper-slide-image\" src=\"https:\/\/www.xecgandia.com\/wp-content\/uploads\/elementor\/thumbs\/Morabit-002-p255fbzwa7ukzbgedtkp8fckixzrc9tad65sdofb20.jpg\" alt=\"Morabit-002\" \/><\/figure><\/a><\/div><div class=\"swiper-slide\"><a data-elementor-open-lightbox=\"yes\" data-elementor-lightbox-slideshow=\"a7c8815\" data-elementor-lightbox-title=\"MAGa_sala\" href=\"https:\/\/www.xecgandia.com\/wp-content\/uploads\/2021\/01\/MAGa_sala.jpeg\"><figure class=\"swiper-slide-inner\"><img decoding=\"async\" class=\"swiper-slide-image\" src=\"https:\/\/www.xecgandia.com\/wp-content\/uploads\/elementor\/thumbs\/MAGa_sala-p255nj57w72m8vjoid5jzcvb1xl0h8d05r092k9os8.jpeg\" alt=\"MAGa_sala\" \/><\/figure><\/a><\/div><div class=\"swiper-slide\"><a data-elementor-open-lightbox=\"yes\" data-elementor-lightbox-slideshow=\"a7c8815\" data-elementor-lightbox-title=\"Museu_Faller\" href=\"https:\/\/www.xecgandia.com\/wp-content\/uploads\/2021\/02\/Museu_Faller.jpg\"><figure class=\"swiper-slide-inner\"><img decoding=\"async\" class=\"swiper-slide-image\" src=\"https:\/\/www.xecgandia.com\/wp-content\/uploads\/elementor\/thumbs\/Museu_Faller-p27xsoauds8pnkvi07i2r41cn6ahx7j2tjvzf8vxyw.jpg\" alt=\"Museu_Faller\" \/><\/figure><\/a><\/div><div class=\"swiper-slide\"><a data-elementor-open-lightbox=\"yes\" data-elementor-lightbox-slideshow=\"a7c8815\" data-elementor-lightbox-title=\"cova-parpallo\" href=\"https:\/\/www.xecgandia.com\/wp-content\/uploads\/2021\/01\/cova-parpallo-1.jpg\"><figure class=\"swiper-slide-inner\"><img decoding=\"async\" class=\"swiper-slide-image\" src=\"https:\/\/www.xecgandia.com\/wp-content\/uploads\/elementor\/thumbs\/cova-parpallo-1-p2553sj8dg1ufo7vrtzlmc6tymviu1zxg1t69djbg8.jpg\" alt=\"cova-parpallo\" \/><\/figure><\/a><\/div><div class=\"swiper-slide\"><a data-elementor-open-lightbox=\"yes\" data-elementor-lightbox-slideshow=\"a7c8815\" data-elementor-lightbox-title=\"capcalera\" href=\"https:\/\/www.xecgandia.com\/wp-content\/uploads\/2021\/01\/capcalera.jpg\"><figure class=\"swiper-slide-inner\"><img decoding=\"async\" class=\"swiper-slide-image\" src=\"https:\/\/www.xecgandia.com\/wp-content\/uploads\/elementor\/thumbs\/capcalera-p255svu4t8eecxrs96g2oi8stx79b6lz88qsgabzco.jpg\" alt=\"capcalera\" \/><\/figure><\/a><\/div><div class=\"swiper-slide\"><a data-elementor-open-lightbox=\"yes\" data-elementor-lightbox-slideshow=\"a7c8815\" data-elementor-lightbox-title=\"Bairen-004\" href=\"https:\/\/www.xecgandia.com\/wp-content\/uploads\/2021\/01\/Bairen-004.jpg\"><figure class=\"swiper-slide-inner\"><img decoding=\"async\" class=\"swiper-slide-image\" src=\"https:\/\/www.xecgandia.com\/wp-content\/uploads\/elementor\/thumbs\/Bairen-004-p255s5inhvedbuu0iv2iqovw74szbnphsmh70jf06w.jpg\" alt=\"Bairen-004\" \/><\/figure><\/a><\/div>\t\t\t<\/div>\n\t\t\t\t\t\t\t\t\t\t\t\t<div class=\"swiper-pagination\"><\/div>\n\t\t\t\t\t\t\t\t\t\t\t\t\t<div class=\"elementor-swiper-button elementor-swiper-button-prev\">\n\t\t\t\t\t\t<i class=\"eicon-chevron-left\" aria-hidden=\"true\"><\/i>\n\t\t\t\t\t\t<span class=\"elementor-screen-only\">Pr\u00e9c\u00e9dent<\/span>\n\t\t\t\t\t<\/div>\n\t\t\t\t\t<div class=\"elementor-swiper-button elementor-swiper-button-next\">\n\t\t\t\t\t\t<i class=\"eicon-chevron-right\" aria-hidden=\"true\"><\/i>\n\t\t\t\t\t\t<span class=\"elementor-screen-only\">Suivant<\/span>\n\t\t\t\t\t<\/div>\n\t\t\t\t\t\t\t\t\t<\/div>\n\t\t\t\t<\/div>\n\t\t\t\t<\/div>\n\t\t\t\t\t\t<\/div>\n\t\t\t\t\t<\/div>\n\t\t<\/div>\n\t\t\t\t\t\t\t\t<\/div>\n\t\t\t\t\t<\/div>\n\t\t<\/section>\n\t\t\t\t\t\t<\/div>\n\t\t\t\t\t\t<\/div>\n\t\t\t\t\t<\/div>\n\t\t","protected":false},"excerpt":{"rendered":"<p>XEC GANDIA UNE AUTRE FA\u00c7ON DE D\u00c9COUVRIR GANDIA Gr\u00e2ce \u00e0 l\u2019histoire, la culture, la nature, les arts du spectacle et \u00e0 ses traditions, Gandia offre&hellip;<\/p>\n","protected":false},"author":1,"featured_media":0,"parent":0,"menu_order":0,"comment_status":"closed","ping_status":"closed","template":"","meta":{"footnotes":""},"class_list":["post-4717","page","type-page","status-publish","hentry"],"yoast_head":"<!-- This site is optimized with the Yoast SEO plugin v17.5 - https:\/\/yoast.com\/wordpress\/plugins\/seo\/ -->\n<title>QU\u2019EST-CE QUE LA XEC - XEC Gandia<\/title>\n<meta name=\"robots\" content=\"index, follow, max-snippet:-1, max-image-preview:large, max-video-preview:-1\" \/>\n<link rel=\"canonical\" href=\"https:\/\/www.xecgandia.com\/fr\/quest-ce-que-la-xec\/\" \/>\n<meta property=\"og:locale\" content=\"fr_FR\" \/>\n<meta property=\"og:type\" content=\"article\" \/>\n<meta property=\"og:title\" content=\"QU\u2019EST-CE QUE LA XEC - XEC Gandia\" \/>\n<meta property=\"og:description\" content=\"XEC GANDIA UNE AUTRE FA\u00c7ON DE D\u00c9COUVRIR GANDIA Gr\u00e2ce \u00e0 l\u2019histoire, la culture, la nature, les arts du spectacle et \u00e0 ses traditions, Gandia offre&hellip;\" \/>\n<meta property=\"og:url\" content=\"https:\/\/www.xecgandia.com\/fr\/quest-ce-que-la-xec\/\" \/>\n<meta property=\"og:site_name\" content=\"XEC Gandia\" \/>\n<meta property=\"article:modified_time\" content=\"2021-10-14T08:04:35+00:00\" \/>\n<meta property=\"og:image\" content=\"https:\/\/www.xecgandia.com\/wp-content\/uploads\/elementor\/thumbs\/Palau-ducal-dels-borja-5-1-p25512s0moc0w85vmnqef0uw6k9clj7uelyoclk9fc.jpg\" \/>\n<meta name=\"twitter:card\" content=\"summary_large_image\" \/>\n<meta name=\"twitter:label1\" content=\"Dur\u00e9e de lecture est.\" \/>\n\t<meta name=\"twitter:data1\" content=\"1 minute\" \/>\n<script type=\"application\/ld+json\" class=\"yoast-schema-graph\">{\"@context\":\"https:\/\/schema.org\",\"@graph\":[{\"@type\":\"WebSite\",\"@id\":\"https:\/\/www.xecgandia.com\/#website\",\"url\":\"https:\/\/www.xecgandia.com\/\",\"name\":\"XEC Gandia\",\"description\":\"Xarxa d&#039;Espais Culturals de Gandia\",\"potentialAction\":[{\"@type\":\"SearchAction\",\"target\":{\"@type\":\"EntryPoint\",\"urlTemplate\":\"https:\/\/www.xecgandia.com\/?s={search_term_string}\"},\"query-input\":\"required name=search_term_string\"}],\"inLanguage\":\"fr-FR\"},{\"@type\":\"ImageObject\",\"@id\":\"https:\/\/www.xecgandia.com\/fr\/quest-ce-que-la-xec\/#primaryimage\",\"inLanguage\":\"fr-FR\",\"url\":\"https:\/\/www.xecgandia.com\/wp-content\/uploads\/elementor\/thumbs\/Palau-ducal-dels-borja-5-1-p25512s0moc0w85vmnqef0uw6k9clj7uelyoclk9fc.jpg\",\"contentUrl\":\"https:\/\/www.xecgandia.com\/wp-content\/uploads\/elementor\/thumbs\/Palau-ducal-dels-borja-5-1-p25512s0moc0w85vmnqef0uw6k9clj7uelyoclk9fc.jpg\"},{\"@type\":\"WebPage\",\"@id\":\"https:\/\/www.xecgandia.com\/fr\/quest-ce-que-la-xec\/#webpage\",\"url\":\"https:\/\/www.xecgandia.com\/fr\/quest-ce-que-la-xec\/\",\"name\":\"QU\\u2019EST-CE QUE LA XEC - XEC Gandia\",\"isPartOf\":{\"@id\":\"https:\/\/www.xecgandia.com\/#website\"},\"primaryImageOfPage\":{\"@id\":\"https:\/\/www.xecgandia.com\/fr\/quest-ce-que-la-xec\/#primaryimage\"},\"datePublished\":\"2021-10-14T07:53:58+00:00\",\"dateModified\":\"2021-10-14T08:04:35+00:00\",\"breadcrumb\":{\"@id\":\"https:\/\/www.xecgandia.com\/fr\/quest-ce-que-la-xec\/#breadcrumb\"},\"inLanguage\":\"fr-FR\",\"potentialAction\":[{\"@type\":\"ReadAction\",\"target\":[\"https:\/\/www.xecgandia.com\/fr\/quest-ce-que-la-xec\/\"]}]},{\"@type\":\"BreadcrumbList\",\"@id\":\"https:\/\/www.xecgandia.com\/fr\/quest-ce-que-la-xec\/#breadcrumb\",\"itemListElement\":[{\"@type\":\"ListItem\",\"position\":1,\"name\":\"Portada\",\"item\":\"https:\/\/www.xecgandia.com\/\"},{\"@type\":\"ListItem\",\"position\":2,\"name\":\"QU\\u2019EST-CE QUE LA XEC\"}]}]}<\/script>\n<!-- \/ Yoast SEO plugin. -->","yoast_head_json":{"title":"QU\u2019EST-CE QUE LA XEC - XEC Gandia","robots":{"index":"index","follow":"follow","max-snippet":"max-snippet:-1","max-image-preview":"max-image-preview:large","max-video-preview":"max-video-preview:-1"},"canonical":"https:\/\/www.xecgandia.com\/fr\/quest-ce-que-la-xec\/","og_locale":"fr_FR","og_type":"article","og_title":"QU\u2019EST-CE QUE LA XEC - XEC Gandia","og_description":"XEC GANDIA UNE AUTRE FA\u00c7ON DE D\u00c9COUVRIR GANDIA Gr\u00e2ce \u00e0 l\u2019histoire, la culture, la nature, les arts du spectacle et \u00e0 ses traditions, Gandia offre&hellip;","og_url":"https:\/\/www.xecgandia.com\/fr\/quest-ce-que-la-xec\/","og_site_name":"XEC Gandia","article_modified_time":"2021-10-14T08:04:35+00:00","og_image":[{"url":"https:\/\/www.xecgandia.com\/wp-content\/uploads\/elementor\/thumbs\/Palau-ducal-dels-borja-5-1-p25512s0moc0w85vmnqef0uw6k9clj7uelyoclk9fc.jpg"}],"twitter_card":"summary_large_image","twitter_misc":{"Dur\u00e9e de lecture est.":"1 minute"},"schema":{"@context":"https:\/\/schema.org","@graph":[{"@type":"WebSite","@id":"https:\/\/www.xecgandia.com\/#website","url":"https:\/\/www.xecgandia.com\/","name":"XEC Gandia","description":"Xarxa d&#039;Espais Culturals de Gandia","potentialAction":[{"@type":"SearchAction","target":{"@type":"EntryPoint","urlTemplate":"https:\/\/www.xecgandia.com\/?s={search_term_string}"},"query-input":"required name=search_term_string"}],"inLanguage":"fr-FR"},{"@type":"ImageObject","@id":"https:\/\/www.xecgandia.com\/fr\/quest-ce-que-la-xec\/#primaryimage","inLanguage":"fr-FR","url":"https:\/\/www.xecgandia.com\/wp-content\/uploads\/elementor\/thumbs\/Palau-ducal-dels-borja-5-1-p25512s0moc0w85vmnqef0uw6k9clj7uelyoclk9fc.jpg","contentUrl":"https:\/\/www.xecgandia.com\/wp-content\/uploads\/elementor\/thumbs\/Palau-ducal-dels-borja-5-1-p25512s0moc0w85vmnqef0uw6k9clj7uelyoclk9fc.jpg"},{"@type":"WebPage","@id":"https:\/\/www.xecgandia.com\/fr\/quest-ce-que-la-xec\/#webpage","url":"https:\/\/www.xecgandia.com\/fr\/quest-ce-que-la-xec\/","name":"QU\u2019EST-CE QUE LA XEC - XEC Gandia","isPartOf":{"@id":"https:\/\/www.xecgandia.com\/#website"},"primaryImageOfPage":{"@id":"https:\/\/www.xecgandia.com\/fr\/quest-ce-que-la-xec\/#primaryimage"},"datePublished":"2021-10-14T07:53:58+00:00","dateModified":"2021-10-14T08:04:35+00:00","breadcrumb":{"@id":"https:\/\/www.xecgandia.com\/fr\/quest-ce-que-la-xec\/#breadcrumb"},"inLanguage":"fr-FR","potentialAction":[{"@type":"ReadAction","target":["https:\/\/www.xecgandia.com\/fr\/quest-ce-que-la-xec\/"]}]},{"@type":"BreadcrumbList","@id":"https:\/\/www.xecgandia.com\/fr\/quest-ce-que-la-xec\/#breadcrumb","itemListElement":[{"@type":"ListItem","position":1,"name":"Portada","item":"https:\/\/www.xecgandia.com\/"},{"@type":"ListItem","position":2,"name":"QU\u2019EST-CE QUE LA XEC"}]}]}},"_links":{"self":[{"href":"https:\/\/www.xecgandia.com\/fr\/wp-json\/wp\/v2\/pages\/4717","targetHints":{"allow":["GET"]}}],"collection":[{"href":"https:\/\/www.xecgandia.com\/fr\/wp-json\/wp\/v2\/pages"}],"about":[{"href":"https:\/\/www.xecgandia.com\/fr\/wp-json\/wp\/v2\/types\/page"}],"author":[{"embeddable":true,"href":"https:\/\/www.xecgandia.com\/fr\/wp-json\/wp\/v2\/users\/1"}],"replies":[{"embeddable":true,"href":"https:\/\/www.xecgandia.com\/fr\/wp-json\/wp\/v2\/comments?post=4717"}],"version-history":[{"count":2,"href":"https:\/\/www.xecgandia.com\/fr\/wp-json\/wp\/v2\/pages\/4717\/revisions"}],"predecessor-version":[{"id":4730,"href":"https:\/\/www.xecgandia.com\/fr\/wp-json\/wp\/v2\/pages\/4717\/revisions\/4730"}],"wp:attachment":[{"href":"https:\/\/www.xecgandia.com\/fr\/wp-json\/wp\/v2\/media?parent=4717"}],"curies":[{"name":"wp","href":"https:\/\/api.w.org\/{rel}","templated":true}]}}